{"id":9095,"date":"2020-01-13T06:50:18","date_gmt":"2020-01-13T06:50:18","guid":{"rendered":"http:\/\/localhost\/wordpress\/lumei\/?page_id=9095"},"modified":"2020-01-13T06:50:18","modified_gmt":"2020-01-13T06:50:18","slug":"about-us","status":"publish","type":"page","link":"https:\/\/uvuoriginal.com\/?page_id=9095","title":{"rendered":"About Us"},"content":{"rendered":"\t\t<div data-elementor-type=\"wp-page\" data-elementor-id=\"9095\" class=\"elementor elementor-9095\">\n\t\t\t\t\t\t<section class=\"elementor-section elementor-top-section elementor-element elementor-element-bbe0509 elementor-section-boxed elementor-section-height-default elementor-section-height-default\" data-id=\"bbe0509\" data-element_type=\"section\">\n\t\t\t\t\t\t<div class=\"elementor-container elementor-column-gap-default\">\n\t\t\t\t\t<div class=\"elementor-column elementor-col-50 elementor-top-column elementor-element elementor-element-cba009f\" data-id=\"cba009f\" data-element_type=\"column\">\n\t\t\t<div class=\"elementor-widget-wrap elementor-element-populated\">\n\t\t\t\t\t\t<div class=\"elementor-element elementor-element-c7b1176 elementor-widget elementor-widget-heading\" data-id=\"c7b1176\" data-element_type=\"widget\" data-widget_type=\"heading.default\">\n\t\t\t\t<div class=\"elementor-widget-container\">\n\t\t\t\t\t<h2 class=\"elementor-heading-title elementor-size-default\">Mixing High and Low <br> Fashion<\/h2>\t\t\t\t<\/div>\n\t\t\t\t<\/div>\n\t\t\t\t<div class=\"elementor-element elementor-element-1bd47c2 elementor-widget elementor-widget-text-editor\" data-id=\"1bd47c2\" data-element_type=\"widget\" data-widget_type=\"text-editor.default\">\n\t\t\t\t<div class=\"elementor-widget-container\">\n\t\t\t\t\t\t\t\t\tNous proposons des tenues sur mesure pour toutes les occasions, qu\u2019elles soient <br> formelles, casual ou pour des c\u00e9r\u00e9monies. Nous avons <br> \u00e9galement d\u00e9velopp\u00e9 une ligne <br> pour femmes, afin de r\u00e9pondre \u00e0 tous les besoins de nos clients.\t\t\t\t\t\t\t\t<\/div>\n\t\t\t\t<\/div>\n\t\t\t\t<div class=\"elementor-element elementor-element-6e38456 elementor-widget elementor-widget-bwp_button\" data-id=\"6e38456\" data-element_type=\"widget\" data-widget_type=\"bwp_button.default\">\n\t\t\t\t<div class=\"elementor-widget-container\">\n\t\t\t\t\t\t\t<div class=\"bwp-button-widget\">\n\t\t\t<a href=\"https:\/\/lumei.wpbingosite.com\/shop\/\" class=\"bwp-button-link default bwp-button\" role=\"button\">\n\t\t\t\t\t\t<span class=\"bwp-button-content-wrapper\">\n\t\t\t\t\t\t<span class=\"bwp-button-text\">Shop Now<\/span>\n\t\t<\/span>\n\t\t\t\t\t<\/a>\n\t\t<\/div>\n\t\t\t\t\t\t<\/div>\n\t\t\t\t<\/div>\n\t\t\t\t\t<\/div>\n\t\t<\/div>\n\t\t\t\t<div class=\"elementor-column elementor-col-50 elementor-top-column elementor-element elementor-element-6980463\" data-id=\"6980463\" data-element_type=\"column\">\n\t\t\t<div class=\"elementor-widget-wrap elementor-element-populated\">\n\t\t\t\t\t\t<div class=\"elementor-element elementor-element-ae1f6b5 elementor-widget elementor-widget-bwp_image\" data-id=\"ae1f6b5\" data-element_type=\"widget\" data-widget_type=\"bwp_image.default\">\n\t\t\t\t<div class=\"elementor-widget-container\">\n\t\t\t\t\t<div class=\"bwp-widget-banner default\">\t\r\n\t<div class=\"bg-banner\">\r\n\t\t<div class=\"banner-wrapper banners\">\r\n\t\t\t\t\t\t\t<div class=\"bwp-image\">\r\n\t\t\t\t\t\t\t\t\t\t\t<a href=\"#\"><img decoding=\"async\" class=\"fade-in lazyload elementor-animation-grow\" src=\"https:\/\/lumei.wpbingosite.com\/wp-content\/uploads\/2024\/08\/banner-38.jpg\" alt=\"Banner Image\"><\/a>\r\n\t\t\t\t\t\t\t\t\t<\/div>\r\n\t\t\t\t\t\t<div class=\"banner-wrapper-infor\">\r\n\t\t\t\t<div class=\"info\">\r\n\t\t\t\t\t<div class=\"content\">\r\n\t\t\t\t\t\t\t\t\t\t\t\t\t\t\t\t\t\t\t\t\t\t\t\t\t\t\t\t\t<\/div>\r\n\t\t\t\t<\/div>\r\n\t\t\t<\/div>\r\n\t\t<\/div>\r\n\t<\/div>\r\n<\/div>\r\n\t\t\t\t<\/div>\n\t\t\t\t<\/div>\n\t\t\t\t\t<\/div>\n\t\t<\/div>\n\t\t\t\t\t<\/div>\n\t\t<\/section>\n\t\t\t\t<section class=\"elementor-section elementor-top-section elementor-element elementor-element-da5b813 elementor-section-full_width elementor-section-height-default elementor-section-height-default\" data-id=\"da5b813\" data-element_type=\"section\">\n\t\t\t\t\t\t<div class=\"elementor-container elementor-column-gap-default\">\n\t\t\t\t\t<div class=\"elementor-column elementor-col-100 elementor-top-column elementor-element elementor-element-b814d91\" data-id=\"b814d91\" data-element_type=\"column\">\n\t\t\t<div class=\"elementor-widget-wrap elementor-element-populated\">\n\t\t\t\t\t\t<div class=\"elementor-element elementor-element-e1a9330 elementor-widget elementor-widget-bwp_video\" data-id=\"e1a9330\" data-element_type=\"widget\" data-widget_type=\"bwp_video.default\">\n\t\t\t\t<div class=\"elementor-widget-container\">\n\t\t\t\t\t<div class=\"bwp-widget-video default\">\r\n\t\t<div class=\"bg-video\">\t\t\r\n\t\t<div class=\"video-wrapper videos\">\r\n\t\t\t<div class=\"bwp-image\">\r\n\t\t\t\t<div class=\"videoThumb\">\r\n\t\t\t\t\t<img decoding=\"async\" class=\"img-responsive\" src=\"https:\/\/lumei.wpbingosite.com\/wp-content\/uploads\/2024\/08\/background-3.jpg\" alt=\"Image Video\" \/>\r\n\t\t\t\t<\/div>\r\n\t\t\t<\/div>\r\n\t\t<\/div>\r\n\t<\/div>\r\n\t\t<div class=\"content\">\r\n\t\t\t\t\t<div class=\"bwp-video modal\" data-src=\"https:\/\/www.youtube.com\/embed\/XHOmBV4js_E\">\r\n\t\t\t\t<div class=\"button-video\">\r\n\t\t\t\t\t<h3>Play<\/h3>\r\n\t\t\t\t<\/div>\r\n\t\t\t<\/div>\r\n\t\t\t<div class=\"content-video modal fade\" id=\"myModal\">\r\n\t\t\t\t<div class=\"remove-show-modal\"><\/div>\r\n\t\t\t\t<div class=\"modal-dialog modal-dialog-centered\">\r\n\t\t\t\t\t<div class=\"close-video\"><\/div>\r\n\t\t\t\t\t<iframe id=\"video\" src=\"https:\/\/www.youtube.com\/embed\/XHOmBV4js_E\" frameborder=\"0\" allow=\"accelerometer; autoplay; clipboard-write; encrypted-media; gyroscope; picture-in-picture\" allowfullscreen><\/iframe>\r\n\t\t\t\t<\/div>\r\n\t\t\t<\/div>\r\n\t\t\t<\/div>\r\n<\/div>\r\n\t\t\t\t<\/div>\n\t\t\t\t<\/div>\n\t\t\t\t\t<\/div>\n\t\t<\/div>\n\t\t\t\t\t<\/div>\n\t\t<\/section>\n\t\t\t\t<section class=\"elementor-section elementor-top-section elementor-element elementor-element-a912aed elementor-section-boxed elementor-section-height-default elementor-section-height-default\" data-id=\"a912aed\" data-element_type=\"section\">\n\t\t\t\t\t\t<div class=\"elementor-container elementor-column-gap-default\">\n\t\t\t\t\t<div class=\"elementor-column elementor-col-100 elementor-top-column elementor-element elementor-element-75dfba5\" data-id=\"75dfba5\" data-element_type=\"column\">\n\t\t\t<div class=\"elementor-widget-wrap elementor-element-populated\">\n\t\t\t\t\t\t<div class=\"elementor-element elementor-element-371d0ef elementor-widget elementor-widget-heading\" data-id=\"371d0ef\" data-element_type=\"widget\" data-widget_type=\"heading.default\">\n\t\t\t\t<div class=\"elementor-widget-container\">\n\t\t\t\t\t<h2 class=\"elementor-heading-title elementor-size-default\">Our Teams<\/h2>\t\t\t\t<\/div>\n\t\t\t\t<\/div>\n\t\t\t\t\t<\/div>\n\t\t<\/div>\n\t\t\t\t\t<\/div>\n\t\t<\/section>\n\t\t\t\t<section class=\"elementor-section elementor-top-section elementor-element elementor-element-b2b844e elementor-section-boxed elementor-section-height-default elementor-section-height-default\" data-id=\"b2b844e\" data-element_type=\"section\">\n\t\t\t\t\t\t<div class=\"elementor-container elementor-column-gap-default\">\n\t\t\t\t\t<div class=\"elementor-column elementor-col-100 elementor-top-column elementor-element elementor-element-560fa5a\" data-id=\"560fa5a\" data-element_type=\"column\">\n\t\t\t<div class=\"elementor-widget-wrap elementor-element-populated\">\n\t\t\t\t\t\t<div class=\"elementor-element elementor-element-b4f3ef1 elementor-widget elementor-widget-bwp_ourteam\" data-id=\"b4f3ef1\" data-element_type=\"widget\" data-widget_type=\"bwp_ourteam.default\">\n\t\t\t\t<div class=\"elementor-widget-container\">\n\t\t\t\t\t<div class=\"bwp-ourteam clipped-content-show\">\r\n <div class=\"block\">\r\n\t  <div class=\"block_content\">\r\n   <div id=\"ourteam_post_14018296991776408954\" class=\"slick-carousel\" data-dots=\"0\" data-nav=\"0\" data-slidesToScroll=\"true\" data-columns4=\"1\" data-columns3=\"2\" data-columns2=\"3\" data-columns1=\"3\" data-columns=\"3\">\r\n\t\t\t\t\t<!-- Wrapper for slides -->\r\n\t\t\t<div class=\"ourteam-item\">\r\n\t\t\t\t<div class=\"ourteam-items\">\r\n\t\t\t\t\t<div class=\"ourteam__info image-position-top\">\r\n\t\t\t\t\t\t<div class=\"ourteam__info--image\">\r\n\t\t\t\t\t\t\t<img fetchpriority=\"high\" decoding=\"async\" width=\"460\" height=\"486\" src=\"https:\/\/uvuoriginal.com\/wp-content\/uploads\/2023\/01\/ourteam-2.jpg\" class=\"img-responsive fade-in lazyload wp-post-image\" alt=\"\" loading=\"eager\" \/>\t\t\t\t\t\t<\/div>\r\n\t\t\t\t\t\t<div class=\"ourteam__info--content\">\r\n\t\t\t\t\t\t\t\t\t\t\t\t\t\t<div class=\"ourteam-customer-name\">Lucas Moreau<\/div>\r\n\t\t\t\t\t\t\t\t\r\n\t\t\t\t\t\t\t\t<div class=\"team-job\">Founder<\/div>\r\n\t\t\t\t\t\t\t\t\t\t\t\t\t<\/div>\r\n\t\t\t\t\t<\/div>\r\n\t\t\t\t<\/div>\r\n\t\t\t<\/div>\r\n\t\t\t\t\t<!-- Wrapper for slides -->\r\n\t\t\t<div class=\"ourteam-item\">\r\n\t\t\t\t<div class=\"ourteam-items\">\r\n\t\t\t\t\t<div class=\"ourteam__info image-position-top\">\r\n\t\t\t\t\t\t<div class=\"ourteam__info--image\">\r\n\t\t\t\t\t\t\t<img decoding=\"async\" width=\"460\" height=\"486\" src=\"https:\/\/uvuoriginal.com\/wp-content\/uploads\/2023\/01\/ourteam-1.jpg\" class=\"img-responsive fade-in lazyload wp-post-image\" alt=\"\" loading=\"eager\" \/>\t\t\t\t\t\t<\/div>\r\n\t\t\t\t\t\t<div class=\"ourteam__info--content\">\r\n\t\t\t\t\t\t\t\t\t\t\t\t\t\t<div class=\"ourteam-customer-name\">Emma Svensson<\/div>\r\n\t\t\t\t\t\t\t\t\r\n\t\t\t\t\t\t\t\t<div class=\"team-job\">Designer<\/div>\r\n\t\t\t\t\t\t\t\t\t\t\t\t\t<\/div>\r\n\t\t\t\t\t<\/div>\r\n\t\t\t\t<\/div>\r\n\t\t\t<\/div>\r\n\t\t\t\t\t<!-- Wrapper for slides -->\r\n\t\t\t<div class=\"ourteam-item\">\r\n\t\t\t\t<div class=\"ourteam-items\">\r\n\t\t\t\t\t<div class=\"ourteam__info image-position-top\">\r\n\t\t\t\t\t\t<div class=\"ourteam__info--image\">\r\n\t\t\t\t\t\t\t<img decoding=\"async\" width=\"460\" height=\"486\" src=\"https:\/\/uvuoriginal.com\/wp-content\/uploads\/2023\/01\/ourteam-4.jpg\" class=\"img-responsive fade-in lazyload wp-post-image\" alt=\"\" loading=\"eager\" \/>\t\t\t\t\t\t<\/div>\r\n\t\t\t\t\t\t<div class=\"ourteam__info--content\">\r\n\t\t\t\t\t\t\t\t\t\t\t\t\t\t<div class=\"ourteam-customer-name\">Robert Smith<\/div>\r\n\t\t\t\t\t\t\t\t\r\n\t\t\t\t\t\t\t\t<div class=\"team-job\">Photographer<\/div>\r\n\t\t\t\t\t\t\t\t\t\t\t\t\t<\/div>\r\n\t\t\t\t\t<\/div>\r\n\t\t\t\t<\/div>\r\n\t\t\t<\/div>\r\n\t\t\t\t\t<!-- Wrapper for slides -->\r\n\t\t\t<div class=\"ourteam-item\">\r\n\t\t\t\t<div class=\"ourteam-items\">\r\n\t\t\t\t\t<div class=\"ourteam__info image-position-top\">\r\n\t\t\t\t\t\t<div class=\"ourteam__info--image\">\r\n\t\t\t\t\t\t\t<img decoding=\"async\" width=\"460\" height=\"486\" src=\"https:\/\/uvuoriginal.com\/wp-content\/uploads\/2023\/01\/ourteam-3.jpg\" class=\"img-responsive fade-in lazyload wp-post-image\" alt=\"\" loading=\"eager\" \/>\t\t\t\t\t\t<\/div>\r\n\t\t\t\t\t\t<div class=\"ourteam__info--content\">\r\n\t\t\t\t\t\t\t\t\t\t\t\t\t\t<div class=\"ourteam-customer-name\">Isabella Ricci<\/div>\r\n\t\t\t\t\t\t\t\t\r\n\t\t\t\t\t\t\t\t<div class=\"team-job\">Designer<\/div>\r\n\t\t\t\t\t\t\t\t\t\t\t\t\t<\/div>\r\n\t\t\t\t\t<\/div>\r\n\t\t\t\t<\/div>\r\n\t\t\t<\/div>\r\n\t\t   <\/div>\r\n  <\/div>\r\n <\/div>\r\n<\/div>\r\n\t\t\t\t<\/div>\n\t\t\t\t<\/div>\n\t\t\t\t\t<\/div>\n\t\t<\/div>\n\t\t\t\t\t<\/div>\n\t\t<\/section>\n\t\t\t\t<section class=\"elementor-section elementor-top-section elementor-element elementor-element-8fb7aac elementor-section-boxed elementor-section-height-default elementor-section-height-default\" data-id=\"8fb7aac\" data-element_type=\"section\" data-settings=\"{&quot;background_background&quot;:&quot;classic&quot;}\">\n\t\t\t\t\t\t<div class=\"elementor-container elementor-column-gap-default\">\n\t\t\t\t\t<div class=\"elementor-column elementor-col-100 elementor-top-column elementor-element elementor-element-fde612f\" data-id=\"fde612f\" data-element_type=\"column\">\n\t\t\t<div class=\"elementor-widget-wrap elementor-element-populated\">\n\t\t\t\t\t\t<div class=\"elementor-element elementor-element-45c51e6 elementor-widget elementor-widget-bwp_testimonial\" data-id=\"45c51e6\" data-element_type=\"widget\" data-widget_type=\"bwp_testimonial.default\">\n\t\t\t\t<div class=\"elementor-widget-container\">\n\t\t\t\t\t<div class=\"bwp-testimonial layout nav-show-hover\">\r\n\t<div class=\"block\">\r\n\t\t\t\t\t<h2 class=\"testimonial-title\">-  Customer reviews  -<\/h2>\r\n\t\t\t\t<div class=\"block_content\">\r\n\t\t\t<div class=\"content-img\">\r\n\t\t\t\t<div  class=\"slick-carousel slider-for\" data-asnavfor=\".slider-nav\" data-focusonselect=\"true\" data-centerMode=\"true\" data-nav=\"true\" data-dots=\"0\" data-columns4=\"1\" data-columns3=\"2\" data-columns2=\"3\" data-columns1=\"3\" data-columns=\"3\">\r\n\t\t\t\t\t\t\t\t\t\t\t<div class=\"item\">\r\n\t\t\t\t\t\t\t<div class=\"testimonial-image image-position-top\">\r\n\t\t\t\t\t\t\t\t\t\t\t\t\t\t\t\t\t<div class=\"thumbnail\">\r\n\t\t\t\t\t\t\t\t\t\t<img decoding=\"async\" width=\"120\" height=\"120\" src=\"https:\/\/uvuoriginal.com\/wp-content\/uploads\/2019\/02\/test-3.jpg\" class=\"fade-in lazyload wp-post-image\" alt=\"\" \/>\t\t\t\t\t\t\t\t\t<\/div>\r\n\t\t\t\t\t\t\t\t\t\t\t\t\t\t\t<\/div>\r\n\t\t\t\t\t\t<\/div>\r\n\t\t\t\t\t\t<!-- Wrapper for slides -->\r\n\t\t\t\t\t\t\t\t\t\t\t<div class=\"item\">\r\n\t\t\t\t\t\t\t<div class=\"testimonial-image image-position-top\">\r\n\t\t\t\t\t\t\t\t\t\t\t\t\t\t\t\t\t<div class=\"thumbnail\">\r\n\t\t\t\t\t\t\t\t\t\t<img decoding=\"async\" width=\"120\" height=\"120\" src=\"https:\/\/uvuoriginal.com\/wp-content\/uploads\/2019\/02\/test-2.jpg\" class=\"fade-in lazyload wp-post-image\" alt=\"\" \/>\t\t\t\t\t\t\t\t\t<\/div>\r\n\t\t\t\t\t\t\t\t\t\t\t\t\t\t\t<\/div>\r\n\t\t\t\t\t\t<\/div>\r\n\t\t\t\t\t\t<!-- Wrapper for slides -->\r\n\t\t\t\t\t\t\t\t\t\t\t<div class=\"item\">\r\n\t\t\t\t\t\t\t<div class=\"testimonial-image image-position-top\">\r\n\t\t\t\t\t\t\t\t\t\t\t\t\t\t\t\t\t<div class=\"thumbnail\">\r\n\t\t\t\t\t\t\t\t\t\t<img decoding=\"async\" width=\"120\" height=\"120\" src=\"https:\/\/uvuoriginal.com\/wp-content\/uploads\/2019\/02\/test.jpg\" class=\"fade-in lazyload wp-post-image\" alt=\"\" \/>\t\t\t\t\t\t\t\t\t<\/div>\r\n\t\t\t\t\t\t\t\t\t\t\t\t\t\t\t<\/div>\r\n\t\t\t\t\t\t<\/div>\r\n\t\t\t\t\t\t<!-- Wrapper for slides -->\r\n\t\t\t\t\t\t\t\t\t\t\t<div class=\"item\">\r\n\t\t\t\t\t\t\t<div class=\"testimonial-image image-position-top\">\r\n\t\t\t\t\t\t\t\t\t\t\t\t\t\t\t\t\t<div class=\"thumbnail\">\r\n\t\t\t\t\t\t\t\t\t\t<img loading=\"lazy\" decoding=\"async\" width=\"135\" height=\"135\" src=\"https:\/\/uvuoriginal.com\/wp-content\/uploads\/2019\/12\/test-4.jpg\" class=\"fade-in lazyload wp-post-image\" alt=\"\" \/>\t\t\t\t\t\t\t\t\t<\/div>\r\n\t\t\t\t\t\t\t\t\t\t\t\t\t\t\t<\/div>\r\n\t\t\t\t\t\t<\/div>\r\n\t\t\t\t\t\t<!-- Wrapper for slides -->\r\n\t\t\t\t\t\t\t\t\t<\/div>\r\n\t\t\t<\/div>\r\n\t\t\t<div class=\"content-info\">\r\n\t\t\t\t<div  class=\"slick-carousel slider-nav\" data-asnavfor=\".slider-for\" data-columns4=\"1\" data-columns3=\"1\" data-columns2=\"1\" data-columns1=\"1\" data-columns=\"1\">\r\n\t\t\t\t\t\t\t\t\t\t\t\t\t\t\t\t\t\t<div class=\"item\">\r\n\t\t\t\t\t\t\t\t\t\t\t\t\t\t\t\t\t\t\t\t\t\t\t\t<div class=\"testimonial-customer-position\"><p class=\"post-excerpt\">\u201cIf you\u2019re looking for luxury products and professional service, look no further. I had a great experience... <\/p><\/div>\r\n\t\t\t\t\t\t\t\t<div class=\"testimonial-info\">\r\n\t\t\t\t\t\t\t\t\t<div class=\"content\">\r\n\t\t\t\t\t\t\t\t\t\t<h2 class=\"testimonial-customer-name\">Luca Moretti<\/h2>\r\n\t\t\t\t\t\t\t\t\t\t\t\t\t\t\t\t\t\t\t\t\t<div class=\"testimonial-job\">Designer<\/div>\r\n\t\t\t\t\t\t\t\t\t\t\t\t\t\t\t\t\t\t\t<\/div>\r\n\t\t\t\t\t\t\t\t<\/div>\r\n\t\t\t\t\t\t\t<\/div>\r\n\t\t\t\t\t\t\t<!-- Wrapper for slides -->\r\n\t\t\t\t\t\t\t\t\t\t\t\t\t\t\t\t\t\t<div class=\"item\">\r\n\t\t\t\t\t\t\t\t\t\t\t\t\t\t\t\t\t\t\t\t\t\t\t\t<div class=\"testimonial-customer-position\"><p class=\"post-excerpt\">\u201cI had an amazing experience shopping here! The store has a fantastic selection of trendy and&#8230;\u201d\n<\/p><\/div>\r\n\t\t\t\t\t\t\t\t<div class=\"testimonial-info\">\r\n\t\t\t\t\t\t\t\t\t<div class=\"content\">\r\n\t\t\t\t\t\t\t\t\t\t<h2 class=\"testimonial-customer-name\">Ann Smith<\/h2>\r\n\t\t\t\t\t\t\t\t\t\t\t\t\t\t\t\t\t\t\t\t\t<div class=\"testimonial-job\">CEO &amp; Founder<\/div>\r\n\t\t\t\t\t\t\t\t\t\t\t\t\t\t\t\t\t\t\t<\/div>\r\n\t\t\t\t\t\t\t\t<\/div>\r\n\t\t\t\t\t\t\t<\/div>\r\n\t\t\t\t\t\t\t<!-- Wrapper for slides -->\r\n\t\t\t\t\t\t\t\t\t\t\t\t\t\t\t\t\t\t<div class=\"item\">\r\n\t\t\t\t\t\t\t\t\t\t\t\t\t\t\t\t\t\t\t\t\t\t\t\t<div class=\"testimonial-customer-position\"><p class=\"post-excerpt\">\u201cI had an amazing experience shopping here! The store has a fantastic selection of trendy&#8230;\u201d\n<\/p><\/div>\r\n\t\t\t\t\t\t\t\t<div class=\"testimonial-info\">\r\n\t\t\t\t\t\t\t\t\t<div class=\"content\">\r\n\t\t\t\t\t\t\t\t\t\t<h2 class=\"testimonial-customer-name\">Anana<\/h2>\r\n\t\t\t\t\t\t\t\t\t\t\t\t\t\t\t\t\t\t\t\t\t<div class=\"testimonial-job\">Photographer <\/div>\r\n\t\t\t\t\t\t\t\t\t\t\t\t\t\t\t\t\t\t\t<\/div>\r\n\t\t\t\t\t\t\t\t<\/div>\r\n\t\t\t\t\t\t\t<\/div>\r\n\t\t\t\t\t\t\t<!-- Wrapper for slides -->\r\n\t\t\t\t\t\t\t\t\t\t\t\t\t\t\t\t\t\t<div class=\"item\">\r\n\t\t\t\t\t\t\t\t\t\t\t\t\t\t\t\t\t\t\t\t\t\t\t\t<div class=\"testimonial-customer-position\"><p class=\"post-excerpt\">\u201cThis fashion store is a gem! The variety of styles available is impressive, and I always find... <\/p><\/div>\r\n\t\t\t\t\t\t\t\t<div class=\"testimonial-info\">\r\n\t\t\t\t\t\t\t\t\t<div class=\"content\">\r\n\t\t\t\t\t\t\t\t\t\t<h2 class=\"testimonial-customer-name\">Linda<\/h2>\r\n\t\t\t\t\t\t\t\t\t\t\t\t\t\t\t\t\t\t\t\t\t<div class=\"testimonial-job\">Designer<\/div>\r\n\t\t\t\t\t\t\t\t\t\t\t\t\t\t\t\t\t\t\t<\/div>\r\n\t\t\t\t\t\t\t\t<\/div>\r\n\t\t\t\t\t\t\t<\/div>\r\n\t\t\t\t\t\t\t<!-- Wrapper for slides -->\r\n\t\t\t\t\t\t\t\t\t<\/div>\r\n\t\t\t<\/div>\r\n\t\t<\/div>\r\n\t <\/div>\r\n<\/div>\r\n\t\t\t\t<\/div>\n\t\t\t\t<\/div>\n\t\t\t\t\t<\/div>\n\t\t<\/div>\n\t\t\t\t\t<\/div>\n\t\t<\/section>\n\t\t\t\t<section class=\"elementor-section elementor-top-section elementor-element elementor-element-772b26b elementor-section-full_width elementor-section-height-default elementor-section-height-default\" data-id=\"772b26b\" data-element_type=\"section\">\n\t\t\t\t\t\t<div class=\"elementor-container elementor-column-gap-default\">\n\t\t\t\t\t<div class=\"elementor-column elementor-col-100 elementor-top-column elementor-element elementor-element-424d52b\" data-id=\"424d52b\" data-element_type=\"column\">\n\t\t\t<div class=\"elementor-widget-wrap elementor-element-populated\">\n\t\t\t\t\t\t<div class=\"elementor-element elementor-element-0c63ba7 elementor-widget elementor-widget-bwp_brand\" data-id=\"0c63ba7\" data-element_type=\"widget\" data-widget_type=\"bwp_brand.default\">\n\t\t\t\t<div class=\"elementor-widget-container\">\n\t\t\t\t\t    <div id=\"bwp_brand_5631538061776408954\" class=\"bwp-brand default\">\r\n                <div class=\"slider slick-carousel\" data-dots=\"0\" data-nav=\"0\" data-columns4=\"2\" data-columns3=\"3\" data-columns2=\"4\" data-columns1=\"5\" data-columns1440=\"6\" data-columns=\"6\">\r\n                                    <div class=\"item\">\r\n                                        <div class=\"item-image\">\r\n                        <a href=\"https:\/\/uvuoriginal.com\/?product_brand=inamore\"> <img decoding=\"async\" class=\" elementor-animation-wobble-horizontal\" src=\"https:\/\/lumei.wpbingosite.com\/wp-content\/uploads\/2024\/07\/brand-3.png\" alt=\"Inamore\"><\/a>\r\n                    <\/div>\r\n                                            <\/div>\r\n                                            <div class=\"item\">\r\n                                        <div class=\"item-image\">\r\n                        <a href=\"https:\/\/uvuoriginal.com\/?product_brand=mable\"> <img decoding=\"async\" class=\" elementor-animation-wobble-horizontal\" src=\"https:\/\/lumei.wpbingosite.com\/wp-content\/uploads\/2024\/07\/brand-5.png\" alt=\"Mable\"><\/a>\r\n                    <\/div>\r\n                                            <\/div>\r\n                                            <div class=\"item\">\r\n                                        <div class=\"item-image\">\r\n                        <a href=\"https:\/\/uvuoriginal.com\/?product_brand=partch\"> <img decoding=\"async\" class=\" elementor-animation-wobble-horizontal\" src=\"https:\/\/lumei.wpbingosite.com\/wp-content\/uploads\/2024\/07\/brand-6.png\" alt=\"Partch\"><\/a>\r\n                    <\/div>\r\n                                            <\/div>\r\n                                            <div class=\"item\">\r\n                                        <div class=\"item-image\">\r\n                        <a href=\"https:\/\/uvuoriginal.com\/?product_brand=ruelala\"> <img decoding=\"async\" class=\" elementor-animation-wobble-horizontal\" src=\"https:\/\/lumei.wpbingosite.com\/wp-content\/uploads\/2024\/07\/brand-2.png\" alt=\"Ruelala\"><\/a>\r\n                    <\/div>\r\n                                            <\/div>\r\n                                            <div class=\"item\">\r\n                                        <div class=\"item-image\">\r\n                        <a href=\"https:\/\/uvuoriginal.com\/?product_brand=smkflwr\"> <img decoding=\"async\" class=\" elementor-animation-wobble-horizontal\" src=\"https:\/\/lumei.wpbingosite.com\/wp-content\/uploads\/2024\/07\/brand-4.png\" alt=\"Smkflwr\"><\/a>\r\n                    <\/div>\r\n                                            <\/div>\r\n                                            <div class=\"item\">\r\n                                        <div class=\"item-image\">\r\n                        <a href=\"https:\/\/uvuoriginal.com\/?product_brand=ssense\"> <img decoding=\"async\" class=\" elementor-animation-wobble-horizontal\" src=\"https:\/\/lumei.wpbingosite.com\/wp-content\/uploads\/2024\/07\/brand-1.png\" alt=\"Ssense\"><\/a>\r\n                    <\/div>\r\n                                            <\/div>\r\n                            <\/div>\r\n    <\/div>\r\n\t\t\t\t<\/div>\n\t\t\t\t<\/div>\n\t\t\t\t\t<\/div>\n\t\t<\/div>\n\t\t\t\t\t<\/div>\n\t\t<\/section>\n\t\t\t\t<section class=\"elementor-section elementor-top-section elementor-element elementor-element-c0db692 elementor-section-full_width elementor-section-height-default elementor-section-height-default\" data-id=\"c0db692\" data-element_type=\"section\">\n\t\t\t\t\t\t<div class=\"elementor-container elementor-column-gap-default\">\n\t\t\t\t\t<div class=\"elementor-column elementor-col-100 elementor-top-column elementor-element elementor-element-031163c\" data-id=\"031163c\" data-element_type=\"column\">\n\t\t\t<div class=\"elementor-widget-wrap elementor-element-populated\">\n\t\t\t\t\t\t<div class=\"elementor-element elementor-element-9ca2f0b elementor-widget elementor-widget-bwp_instagram\" data-id=\"9ca2f0b\" data-element_type=\"widget\" data-widget_type=\"bwp_instagram.default\">\n\t\t\t\t<div class=\"elementor-widget-container\">\n\t\t\t\t\t<div class=\"bwp-instagram  slider-2\">\r\n <div class=\"block\">\r\n \t\t\t\t<div class=\"content\">\r\n\t\t\t<div class=\"button-instagram\">\r\n\t\t\t\t<a class=\"instagram\" href=\"https:\/\/instagram.com\/wpbingo\">\r\n\t\t\t\t\t<span class=\"instagram-text\">@Lumeishop<\/span>\r\n\t\t\t\t<\/a>\r\n\t\t\t<\/div>\r\n\t\t<\/div>\r\n\t\t<div class=\"block_content\">\r\n\t\t<div class=\"instagram\">\r\n\t\t\t<div class=\"slick-carousel\" data-autoplay=\"false\" data-dots=\"false\" data-item_row=\"1\" data-nav=\"false\" data-columns4=\"2\" data-columns3=\"3\" data-columns2=\"4\" data-columns1=\"5\" data-columns=\"6\">\r\n\t\t\t\t\t\t\t\t\t\t\t\t\t\t\t\t\t\t\t\t<div class=\"image-instagram\">\r\n\t\t\t\t\t\t\t<img decoding=\"async\" class=\"fade-in lazyload\" src=\"https:\/\/lumei.wpbingosite.com\/wp-content\/uploads\/2024\/08\/insta-6.jpg\" alt=\"Image Slider\">\r\n\t\t\t\t\t\t<\/div>\r\n\t\t\t\t\t\t\t\t\t\t\t\t\t\t\t\t\t\t\t\t\t\t\t\t\t\t\t\t\t\t<div class=\"image-instagram\">\r\n\t\t\t\t\t\t\t<img decoding=\"async\" class=\"fade-in lazyload\" src=\"https:\/\/lumei.wpbingosite.com\/wp-content\/uploads\/2024\/08\/insta-7.jpg\" alt=\"Image Slider\">\r\n\t\t\t\t\t\t<\/div>\r\n\t\t\t\t\t\t\t\t\t\t\t\t\t\t\t\t\t\t\t\t\t\t\t\t\t\t\t\t\t\t<div class=\"image-instagram\">\r\n\t\t\t\t\t\t\t<img decoding=\"async\" class=\"fade-in lazyload\" src=\"https:\/\/lumei.wpbingosite.com\/wp-content\/uploads\/2024\/08\/insta-8.jpg\" alt=\"Image Slider\">\r\n\t\t\t\t\t\t<\/div>\r\n\t\t\t\t\t\t\t\t\t\t\t\t\t\t\t\t\t\t\t\t\t\t\t\t\t\t\t\t\t\t<div class=\"image-instagram\">\r\n\t\t\t\t\t\t\t<img decoding=\"async\" class=\"fade-in lazyload\" src=\"https:\/\/lumei.wpbingosite.com\/wp-content\/uploads\/2024\/08\/insta-9.jpg\" alt=\"Image Slider\">\r\n\t\t\t\t\t\t<\/div>\r\n\t\t\t\t\t\t\t\t\t\t\t\t\t\t\t\t\t\t\t\t\t\t\t\t\t\t\t\t\t\t<div class=\"image-instagram\">\r\n\t\t\t\t\t\t\t<img decoding=\"async\" class=\"fade-in lazyload\" src=\"https:\/\/lumei.wpbingosite.com\/wp-content\/uploads\/2024\/08\/insta-10.jpg\" alt=\"Image Slider\">\r\n\t\t\t\t\t\t<\/div>\r\n\t\t\t\t\t\t\t\t\t\t\t\t\t\t\t\t\t\t\t\t\t\t\t\t\t\t\t\t\t\t<div class=\"image-instagram\">\r\n\t\t\t\t\t\t\t<img decoding=\"async\" class=\"fade-in lazyload\" src=\"https:\/\/lumei.wpbingosite.com\/wp-content\/uploads\/2024\/08\/insta-11.jpg\" alt=\"Image Slider\">\r\n\t\t\t\t\t\t<\/div>\r\n\t\t\t\t\t\t\t\t\t\t\t\t\t\t\t\t\t<\/div>\r\n\t\t<\/div>\r\n\t<\/div>\r\n <\/div>\r\n<\/div>\t\t\t\t<\/div>\n\t\t\t\t<\/div>\n\t\t\t\t\t<\/div>\n\t\t<\/div>\n\t\t\t\t\t<\/div>\n\t\t<\/section>\n\t\t\t\t<\/div>\n\t\t","protected":false},"excerpt":{"rendered":"<p>Mixing High and Low Fashion Nous proposons des tenues sur mesure pour toutes les occasions, qu\u2019elles soient formelles, casual ou pour des c\u00e9r\u00e9monies. Nous avons \u00e9galement d\u00e9velopp\u00e9 une ligne pour femmes, afin de r\u00e9pondre \u00e0 tous les besoins de nos clients. Shop Now Play Our Teams Lucas Moreau Founder Emma Svensson Designer Robert Smith Photographer [&hellip;]<\/p>\n","protected":false},"author":1,"featured_media":0,"parent":0,"menu_order":0,"comment_status":"closed","ping_status":"closed","template":"","meta":{"footnotes":""},"class_list":["post-9095","page","type-page","status-publish","hentry","has-post-thumbnail"],"_links":{"self":[{"href":"https:\/\/uvuoriginal.com\/index.php?rest_route=\/wp\/v2\/pages\/9095","targetHints":{"allow":["GET"]}}],"collection":[{"href":"https:\/\/uvuoriginal.com\/index.php?rest_route=\/wp\/v2\/pages"}],"about":[{"href":"https:\/\/uvuoriginal.com\/index.php?rest_route=\/wp\/v2\/types\/page"}],"author":[{"embeddable":true,"href":"https:\/\/uvuoriginal.com\/index.php?rest_route=\/wp\/v2\/users\/1"}],"replies":[{"embeddable":true,"href":"https:\/\/uvuoriginal.com\/index.php?rest_route=%2Fwp%2Fv2%2Fcomments&post=9095"}],"version-history":[{"count":0,"href":"https:\/\/uvuoriginal.com\/index.php?rest_route=\/wp\/v2\/pages\/9095\/revisions"}],"wp:attachment":[{"href":"https:\/\/uvuoriginal.com\/index.php?rest_route=%2Fwp%2Fv2%2Fmedia&parent=9095"}],"curies":[{"name":"wp","href":"https:\/\/api.w.org\/{rel}","templated":true}]}}